{"id":30151,"date":"2023-12-06T07:45:48","date_gmt":"2023-12-06T06:45:48","guid":{"rendered":"https:\/\/digitale.the-expression.ch\/?page_id=30151"},"modified":"2025-04-19T23:31:03","modified_gmt":"2025-04-19T21:31:03","slug":"cultura-web","status":"publish","type":"page","link":"https:\/\/expression-digitale.com\/es\/cultura-web\/","title":{"rendered":"Cultura web"},"content":{"rendered":"<p>[et_pb_section fb_built=\u00bb1&#8243; admin_label=\u00bbsection\u00bb _builder_version=\u00bb4.16&#8243; global_colors_info=\u00bb{}\u00bb][et_pb_row column_structure=\u00bb1_2,1_2&#8243; make_equal=\u00bbon\u00bb admin_label=\u00bbrow\u00bb _builder_version=\u00bb4.24.2&#8243; background_size=\u00bbinitial\u00bb background_position=\u00bbtop_left\u00bb background_repeat=\u00bbrepeat\u00bb custom_css_main_element=\u00bbalign-items: center;\u00bb global_colors_info=\u00bb{}\u00bb][et_pb_column type=\u00bb1_2&#8243; _builder_version=\u00bb4.24.2&#8243; custom_padding=\u00bb|||\u00bb global_colors_info=\u00bb{}\u00bb custom_padding__hover=\u00bb|||\u00bb][et_pb_text admin_label=\u00bbText\u00bb _builder_version=\u00bb4.27.2&#8243; background_size=\u00bbinitial\u00bb background_position=\u00bbtop_left\u00bb background_repeat=\u00bbrepeat\u00bb global_colors_info=\u00bb{}\u00bb]<\/p>\n<h2>Cultura<\/h2>\n<h1>Web<\/h1>\n<h4 style=\"text-align: left;\"> &amp; su psicolog\u00eda!<\/h4>\n<p>[\/et_pb_text][\/et_pb_column][et_pb_column type=\u00bb1_2&#8243; _builder_version=\u00bb4.24.2&#8243; custom_padding=\u00bb|||\u00bb global_colors_info=\u00bb{}\u00bb custom_padding__hover=\u00bb|||\u00bb][et_pb_text _builder_version=\u00bb4.24.2&#8243; _module_preset=\u00bbdefault\u00bb global_colors_info=\u00bb{}\u00bb]<\/p>\n<p>Descubra las \u00faltimas tendencias, lea art\u00edculos interesantes y sum\u00e9rjase en el fascinante mundo de la tecnolog\u00eda.<\/p>\n<p>Tanto si es un entusiasta como un simple curioso, nuestro blog le lleva en un gratificante viaje al coraz\u00f3n de la era digital.<\/p>\n<p><strong>\u00bfEst\u00e1s preparado para embarcarte en esta aventura virtual?<\/strong><\/p>\n<p>[\/et_pb_text][\/et_pb_column][\/et_pb_row][et_pb_row column_structure=\u00bb1_2,1_2&#8243; disabled_on=\u00bbon|on|on\u00bb module_class=\u00bbmt-50&#8243; _builder_version=\u00bb4.22.2&#8243; _module_preset=\u00bbdefault\u00bb disabled=\u00bbon\u00bb global_colors_info=\u00bb{}\u00bb][et_pb_column type=\u00bb1_2&#8243; _builder_version=\u00bb4.22.2&#8243; _module_preset=\u00bbdefault\u00bb global_colors_info=\u00bb{}\u00bb][et_pb_text _builder_version=\u00bb4.22.2&#8243; _module_preset=\u00bbdefault\u00bb global_colors_info=\u00bb{}\u00bb]<\/p>\n<h2><span>Explorar lo digital<br \/>digital&#8230;<\/span><\/h2>\n<p>[\/et_pb_text][et_pb_button button_url=\u00bb@ET-DC@eyJkeW5hbWljIjp0cnVlLCJjb250ZW50IjoicG9zdF9saW5rX3VybF9wYWdlIiwic2V0dGluZ3MiOnsicG9zdF9pZCI6IjI4ODY1In19@\u00bb url_new_window=\u00bbon\u00bb button_text=\u00bb\u00bfDesea m\u00e1s informaci\u00f3n? \u00bb _builder_version=\u00bb4.22.2&#8243; _dynamic_attributes=\u00bbbutton_url\u00bb _module_preset=\u00bbdefault\u00bb custom_button=\u00bbon\u00bb button_text_size=\u00bb14px\u00bb button_text_color=\u00bb#000000&#8243; button_bg_color=\u00bb#FFFFFF\u00bb button_border_width=\u00bb0px\u00bb button_border_radius=\u00bb0px\u00bb button_font=\u00bb|700|||||||\u00bb button_icon=\u00bb&#xf105;||fa||900&#8243; button_icon_color=\u00bb#000000&#8243; custom_margin=\u00bb||50px||false|false\u00bb custom_padding=\u00bb6px|0px|6px|0px|false|false\u00bb box_shadow_style=\u00bbpreset4&#8243; box_shadow_horizontal=\u00bb0px\u00bb box_shadow_vertical=\u00bb1px\u00bb box_shadow_color=\u00bb#000000&#8243; locked=\u00bboff\u00bb global_colors_info=\u00bb{}\u00bb][\/et_pb_button][\/et_pb_column][et_pb_column type=\u00bb1_2&#8243; _builder_version=\u00bb4.22.2&#8243; _module_preset=\u00bbdefault\u00bb global_colors_info=\u00bb{}\u00bb][et_pb_text _builder_version=\u00bb4.24.2&#8243; _module_preset=\u00bbdefault\u00bb global_colors_info=\u00bb{}\u00bb]<\/p>\n<p><span>Bienvenido a nuestro espacio dedicado al <span style=\"text-decoration: underline;\"><strong>mundo digital<\/strong><\/span>, donde la innovaci\u00f3n cobra vida y da forma a nuestra vida cotidiana conectada. Explore las \u00faltimas tendencias, descubra art\u00edculos de vanguardia y sum\u00e9rjase en el cautivador mundo de la revoluci\u00f3n tecnol\u00f3gica. <\/span><\/p>\n<p><span>Tanto si es un entusiasta como un simple curioso, nuestro blog le invita a un viaje conciso pero gratificante al coraz\u00f3n de la era digital. <\/span><\/p>\n<p><span><span style=\"text-decoration: underline;\"><strong>\u00bfListo para embarcarte en esta aventura virtual?<\/strong><\/span><\/span><\/p>\n<p>[\/et_pb_text][\/et_pb_column][\/et_pb_row][\/et_pb_section][et_pb_section fb_built=\u00bb1&#8243; _builder_version=\u00bb4.24.2&#8243; _module_preset=\u00bbdefault\u00bb background_enable_color=\u00bboff\u00bb custom_margin=\u00bb0px||||false|false\u00bb custom_padding=\u00bb0px||||false|false\u00bb global_colors_info=\u00bb{}\u00bb][et_pb_row _builder_version=\u00bb4.22.2&#8243; _module_preset=\u00bbdefault\u00bb global_colors_info=\u00bb{}\u00bb][et_pb_column type=\u00bb4_4&#8243; _builder_version=\u00bb4.22.2&#8243; _module_preset=\u00bbdefault\u00bb global_colors_info=\u00bb{}\u00bb][et_pb_blog fullwidth=\u00bboff\u00bb posts_number=\u00bb300&#8243; meta_date=\u00bbj M Y\u00bb show_more=\u00bbon\u00bb show_author=\u00bboff\u00bb show_categories=\u00bboff\u00bb use_overlay=\u00bbon\u00bb overlay_icon_color=\u00bb#ffffff\u00bb hover_overlay_color=\u00bbrgba(0,0,0,0.52)\u00bb hover_icon=\u00bb\uf518||fa||900&#8243; module_class=\u00bbcu-blog\u00bb _builder_version=\u00bb4.27.4&#8243; _module_preset=\u00bbdefault\u00bb meta_font_size=\u00bb12px\u00bb read_more_font=\u00bb|700||on|||||\u00bb read_more_font_size=\u00bb13px\u00bb read_more_line_height=\u00bb3em\u00bb border_radii=\u00bboff|30px|||\u00bb border_width_all=\u00bb0px\u00bb border_radii_image=\u00bboff|30px|||\u00bb box_shadow_style=\u00bbpreset1&#8243; box_shadow_vertical=\u00bb-1px\u00bb box_shadow_blur=\u00bb13px\u00bb box_shadow_spread=\u00bb1px\u00bb box_shadow_color=\u00bbrgba(0,0,0,0.13)\u00bb global_colors_info=\u00bb{}\u00bb][\/et_pb_blog][\/et_pb_column][\/et_pb_row][\/et_pb_section]<\/p>\n","protected":false},"excerpt":{"rendered":"<p>Cultura Web &amp; su psicolog\u00eda!Descubra las \u00faltimas tendencias, lea art\u00edculos interesantes y sum\u00e9rjase en el fascinante mundo de la tecnolog\u00eda. Tanto si es un entusiasta como un simple curioso, nuestro blog le lleva en un gratificante viaje al coraz\u00f3n de la era digital. \u00bfEst\u00e1s preparado para embarcarte en esta aventura virtual?Explorar lo digitaldigital&#8230;Bienvenido a nuestro [&hellip;]<\/p>\n","protected":false},"author":1,"featured_media":0,"parent":0,"menu_order":0,"comment_status":"closed","ping_status":"closed","template":"","meta":{"_et_pb_use_builder":"on","_et_pb_old_content":"","_et_gb_content_width":"","footnotes":""},"class_list":["post-30151","page","type-page","status-publish","hentry"],"aioseo_notices":[],"jetpack_sharing_enabled":true,"_links":{"self":[{"href":"https:\/\/expression-digitale.com\/es\/wp-json\/wp\/v2\/pages\/30151","targetHints":{"allow":["GET"]}}],"collection":[{"href":"https:\/\/expression-digitale.com\/es\/wp-json\/wp\/v2\/pages"}],"about":[{"href":"https:\/\/expression-digitale.com\/es\/wp-json\/wp\/v2\/types\/page"}],"author":[{"embeddable":true,"href":"https:\/\/expression-digitale.com\/es\/wp-json\/wp\/v2\/users\/1"}],"replies":[{"embeddable":true,"href":"https:\/\/expression-digitale.com\/es\/wp-json\/wp\/v2\/comments?post=30151"}],"version-history":[{"count":34,"href":"https:\/\/expression-digitale.com\/es\/wp-json\/wp\/v2\/pages\/30151\/revisions"}],"predecessor-version":[{"id":33553,"href":"https:\/\/expression-digitale.com\/es\/wp-json\/wp\/v2\/pages\/30151\/revisions\/33553"}],"wp:attachment":[{"href":"https:\/\/expression-digitale.com\/es\/wp-json\/wp\/v2\/media?parent=30151"}],"curies":[{"name":"wp","href":"https:\/\/api.w.org\/{rel}","templated":true}]}}