{"id":29994,"date":"2023-12-04T17:10:00","date_gmt":"2023-12-04T16:10:00","guid":{"rendered":"https:\/\/digitale.the-expression.ch\/?page_id=29994"},"modified":"2026-01-13T17:46:46","modified_gmt":"2026-01-13T16:46:46","slug":"postventa","status":"publish","type":"page","link":"https:\/\/expression-digitale.com\/es\/postventa\/","title":{"rendered":"Postventa"},"content":{"rendered":"<p>[et_pb_section fb_built=\u00bb1&#8243; admin_label=\u00bbsection\u00bb _builder_version=\u00bb4.16&#8243; global_colors_info=\u00bb{}\u00bb][et_pb_row admin_label=\u00bbrow\u00bb _builder_version=\u00bb4.16&#8243; background_size=\u00bbinitial\u00bb background_position=\u00bbtop_left\u00bb background_repeat=\u00bbrepeat\u00bb global_colors_info=\u00bb{}\u00bb][et_pb_column type=\u00bb4_4&#8243; _builder_version=\u00bb4.16&#8243; custom_padding=\u00bb|||\u00bb global_colors_info=\u00bb{}\u00bb custom_padding__hover=\u00bb|||\u00bb][et_pb_text _builder_version=\u00bb4.27.4&#8243; _module_preset=\u00bbdefault\u00bb hover_enabled=\u00bb0&#8243; sticky_enabled=\u00bb0&#8243; custom_margin=\u00bb||30px||false|false\u00bb]<\/p>\n<p>Asistencia virtual<\/p>\n<p>[\/et_pb_text][et_pb_text admin_label=\u00bbText\u00bb _builder_version=\u00bb4.22.2&#8243; background_size=\u00bbinitial\u00bb background_position=\u00bbtop_left\u00bb background_repeat=\u00bbrepeat\u00bb global_colors_info=\u00bb{}\u00bb]<\/p>\n<h1>Post venta<\/h1>\n<p>&nbsp;<\/p>\n<p>[\/et_pb_text][\/et_pb_column][\/et_pb_row][et_pb_row column_structure=\u00bb1_2,1_2&#8243; module_class=\u00bbmt-50&#8243; _builder_version=\u00bb4.22.2&#8243; _module_preset=\u00bbdefault\u00bb global_colors_info=\u00bb{}\u00bb][et_pb_column type=\u00bb1_2&#8243; _builder_version=\u00bb4.22.2&#8243; _module_preset=\u00bbdefault\u00bb global_colors_info=\u00bb{}\u00bb][et_pb_text _builder_version=\u00bb4.22.2&#8243; _module_preset=\u00bbdefault\u00bb global_colors_info=\u00bb{}\u00bb]<\/p>\n<h2><span>Un servicio posventa a medida, dise\u00f1ado para responder eficazmente a todas las necesidades de sus clientes.<\/span><\/h2>\n<p>[\/et_pb_text][\/et_pb_column][et_pb_column type=\u00bb1_2&#8243; _builder_version=\u00bb4.22.2&#8243; _module_preset=\u00bbdefault\u00bb global_colors_info=\u00bb{}\u00bb][et_pb_text _builder_version=\u00bb4.27.4&#8243; _module_preset=\u00bbdefault\u00bb global_colors_info=\u00bb{}\u00bb]<\/p>\n<p><span>Diga adi\u00f3s a las largas horas dedicadas a responder a los correos electr\u00f3nicos de sus clientes. <\/span><\/p>\n<p><span>Si busca establecer un <span style=\"text-decoration: underline;\"><strong>servicio posventa<\/strong><\/span> de calidad sin sacrificar su valioso tiempo, no busque m\u00e1s. <\/span><\/p>\n<p><span>Perm\u00edtanos automatizar esta tarea por usted, permiti\u00e9ndole concentrarse plenamente en el crecimiento de su agencia o tienda. <\/span><\/p>\n<p><span>Lib\u00e9rese de la carga del servicio de atenci\u00f3n al cliente y c\u00e9ntrese en lo esencial de su negocio, al tiempo que ofrece una experiencia excepcional al cliente.<\/span><\/p>\n<p>[\/et_pb_text][\/et_pb_column][\/et_pb_row][\/et_pb_section][et_pb_section fb_built=\u00bb1&#8243; admin_label=\u00bbsection\u00bb module_class=\u00bbbg-noir\u00bb _builder_version=\u00bb4.24.2&#8243; background_color=\u00bb#1f1f1f\u00bb custom_margin=\u00bb||100px||false|false\u00bb custom_padding=\u00bb40px||||false|false\u00bb locked=\u00bboff\u00bb global_colors_info=\u00bb{}\u00bb][et_pb_row column_structure=\u00bb1_2,1_2&#8243; module_class=\u00bbmt-50&#8243; _builder_version=\u00bb4.22.2&#8243; _module_preset=\u00bbdefault\u00bb global_colors_info=\u00bb{}\u00bb][et_pb_column type=\u00bb1_2&#8243; _builder_version=\u00bb4.22.2&#8243; _module_preset=\u00bbdefault\u00bb global_colors_info=\u00bb{}\u00bb][et_pb_blurb title=\u00bbAsistencia por correo electr\u00f3nico\u00bb icon_placement=\u00bbleft\u00bb image_icon_width=\u00bb12px\u00bb content_max_width=\u00bb1100px\u00bb _builder_version=\u00bb4.27.4&#8243; _module_preset=\u00bbdefault\u00bb image_icon_custom_margin=\u00bb3px|||7px|false|false\u00bb width=\u00bb100%\u00bb max_width=\u00bb100%\u00bb locked=\u00bboff\u00bb global_colors_info=\u00bb{}\u00bb]<\/p>\n<p>Gesti\u00f3n completa de las solicitudes de los clientes por correo electr\u00f3nico, ofreciendo respuestas claras y personalizadas, alineadas con la identidad de su marca y garantizando tiempos de respuesta optimizados.<\/p>\n<p>[\/et_pb_blurb][et_pb_blurb title=\u00bbRespuestas en redes sociales\u00bb icon_placement=\u00bbleft\u00bb image_icon_width=\u00bb12px\u00bb content_max_width=\u00bb1100px\u00bb _builder_version=\u00bb4.27.4&#8243; _module_preset=\u00bbdefault\u00bb image_icon_custom_margin=\u00bb3px|||7px|false|false\u00bb width=\u00bb100%\u00bb max_width=\u00bb100%\u00bb locked=\u00bboff\u00bb global_colors_info=\u00bb{}\u00bb]<\/p>\n<p>Gesti\u00f3n de mensajes privados y comentarios en redes sociales (Instagram, Facebook, etc.), asegurando una comunicaci\u00f3n r\u00e1pida, profesional y coherente en todos los canales.<\/p>\n<p>[\/et_pb_blurb][et_pb_blurb title=\u00bbD\u00edas y horarios de atenci\u00f3n\u00bb icon_placement=\u00bbleft\u00bb image_icon_width=\u00bb12px\u00bb content_max_width=\u00bb1100px\u00bb _builder_version=\u00bb4.27.4&#8243; _module_preset=\u00bbdefault\u00bb image_icon_custom_margin=\u00bb3px|||7px|false|false\u00bb width=\u00bb100%\u00bb max_width=\u00bb100%\u00bb min_height=\u00bb95px\u00bb custom_padding=\u00bb||0px|||\u00bb locked=\u00bboff\u00bb global_colors_info=\u00bb{}\u00bb]<\/p>\n<p data-start=\"627\" data-end=\"795\">Los d\u00edas y horarios de atenci\u00f3n se definen seg\u00fan sus necesidades y la actividad de su negocio, garantizando una cobertura adaptada al volumen de solicitudes y a sus expectativas de rapidez.<\/p>\n<h3 data-start=\"797\" data-end=\"829\"><\/h3>\n<p>[\/et_pb_blurb][\/et_pb_column][et_pb_column type=\u00bb1_2&#8243; _builder_version=\u00bb4.22.2&#8243; _module_preset=\u00bbdefault\u00bb global_colors_info=\u00bb{}\u00bb][et_pb_blurb title=\u00bbIdiomas disponibles\u00bb icon_placement=\u00bbleft\u00bb image_icon_width=\u00bb12px\u00bb content_max_width=\u00bb1100px\u00bb _builder_version=\u00bb4.27.4&#8243; _module_preset=\u00bbdefault\u00bb image_icon_custom_margin=\u00bb3px|||7px|false|false\u00bb width=\u00bb100%\u00bb max_width=\u00bb100%\u00bb locked=\u00bboff\u00bb global_colors_info=\u00bb{}\u00bb]<\/p>\n<p>Servicio de atenci\u00f3n al cliente disponible en franc\u00e9s, ingl\u00e9s y espa\u00f1ol, permitiendo acompa\u00f1ar eficazmente a una clientela local e internacional.<\/p>\n<p>[\/et_pb_blurb][et_pb_blurb title=\u00bbHerramientas y tecnolog\u00edas utilizadas\u00bb icon_placement=\u00bbleft\u00bb image_icon_width=\u00bb12px\u00bb content_max_width=\u00bb1100px\u00bb _builder_version=\u00bb4.27.4&#8243; _module_preset=\u00bbdefault\u00bb image_icon_custom_margin=\u00bb3px|||7px|false|false\u00bb width=\u00bb100%\u00bb max_width=\u00bb100%\u00bb locked=\u00bboff\u00bb global_colors_info=\u00bb{}\u00bb]<\/p>\n<p data-start=\"1016\" data-end=\"1157\">Utilizamos herramientas avanzadas de inteligencia artificial y asistencia a la redacci\u00f3n para garantizar respuestas r\u00e1pidas, coherentes y de alta calidad:<\/p>\n<ul data-start=\"1158\" data-end=\"1249\">\n<li data-start=\"1158\" data-end=\"1200\">\n<p data-start=\"1160\" data-end=\"1200\"><strong data-start=\"1160\" data-end=\"1166\">IA: <\/strong>ChatGPT, Botowski, Writesonic<\/p>\n<\/li>\n<li data-start=\"1201\" data-end=\"1249\">\n<p data-start=\"1203\" data-end=\"1249\"><strong data-start=\"1203\" data-end=\"1232\">Optimizaci\u00f3n ling\u00fc\u00edstica: <\/strong>LanguageTool<\/p>\n<\/li>\n<\/ul>\n<p data-start=\"1251\" data-end=\"1368\">Estas herramientas se combinan con supervisi\u00f3n humana para garantizar un servicio fiable, natural y centrado en el cliente.<\/p>\n<p>[\/et_pb_blurb][\/et_pb_column][\/et_pb_row][\/et_pb_section]<\/p>\n","protected":false},"excerpt":{"rendered":"<p>Asistencia virtualPost venta &nbsp;Un servicio posventa a medida, dise\u00f1ado para responder eficazmente a todas las necesidades de sus clientes.Diga adi\u00f3s a las largas horas dedicadas a responder a los correos electr\u00f3nicos de sus clientes. Si busca establecer un servicio posventa de calidad sin sacrificar su valioso tiempo, no busque m\u00e1s. Perm\u00edtanos automatizar esta tarea por [&hellip;]<\/p>\n","protected":false},"author":1,"featured_media":0,"parent":0,"menu_order":0,"comment_status":"closed","ping_status":"closed","template":"","meta":{"_et_pb_use_builder":"on","_et_pb_old_content":"","_et_gb_content_width":"","footnotes":""},"class_list":["post-29994","page","type-page","status-publish","hentry"],"aioseo_notices":[],"jetpack_sharing_enabled":true,"_links":{"self":[{"href":"https:\/\/expression-digitale.com\/es\/wp-json\/wp\/v2\/pages\/29994","targetHints":{"allow":["GET"]}}],"collection":[{"href":"https:\/\/expression-digitale.com\/es\/wp-json\/wp\/v2\/pages"}],"about":[{"href":"https:\/\/expression-digitale.com\/es\/wp-json\/wp\/v2\/types\/page"}],"author":[{"embeddable":true,"href":"https:\/\/expression-digitale.com\/es\/wp-json\/wp\/v2\/users\/1"}],"replies":[{"embeddable":true,"href":"https:\/\/expression-digitale.com\/es\/wp-json\/wp\/v2\/comments?post=29994"}],"version-history":[{"count":44,"href":"https:\/\/expression-digitale.com\/es\/wp-json\/wp\/v2\/pages\/29994\/revisions"}],"predecessor-version":[{"id":34209,"href":"https:\/\/expression-digitale.com\/es\/wp-json\/wp\/v2\/pages\/29994\/revisions\/34209"}],"wp:attachment":[{"href":"https:\/\/expression-digitale.com\/es\/wp-json\/wp\/v2\/media?parent=29994"}],"curies":[{"name":"wp","href":"https:\/\/api.w.org\/{rel}","templated":true}]}}