{"id":29262,"date":"2023-10-05T13:15:09","date_gmt":"2023-10-05T11:15:09","guid":{"rendered":"https:\/\/digitale.the-expression.ch\/?page_id=29262"},"modified":"2026-03-25T21:01:05","modified_gmt":"2026-03-25T20:01:05","slug":"ayuda","status":"publish","type":"page","link":"https:\/\/expression-digitale.com\/es\/ayuda\/","title":{"rendered":"Ayuda"},"content":{"rendered":"<p>[et_pb_section fb_built=\u00bb1&#8243; admin_label=\u00bbsection\u00bb _builder_version=\u00bb4.16&#8243; global_colors_info=\u00bb{}\u00bb][et_pb_row admin_label=\u00bbrow\u00bb _builder_version=\u00bb4.16&#8243; background_size=\u00bbinitial\u00bb background_position=\u00bbtop_left\u00bb background_repeat=\u00bbrepeat\u00bb global_colors_info=\u00bb{}\u00bb][et_pb_column type=\u00bb4_4&#8243; _builder_version=\u00bb4.16&#8243; custom_padding=\u00bb|||\u00bb global_colors_info=\u00bb{}\u00bb custom_padding__hover=\u00bb|||\u00bb][et_pb_text admin_label=\u00bbText\u00bb _builder_version=\u00bb4.22.2&#8243; background_size=\u00bbinitial\u00bb background_position=\u00bbtop_left\u00bb background_repeat=\u00bbrepeat\u00bb global_colors_info=\u00bb{}\u00bb]<\/p>\n<h1>asistencia<\/h1>\n<p>&nbsp;<\/p>\n<p>[\/et_pb_text][\/et_pb_column][\/et_pb_row][et_pb_row column_structure=\u00bb1_2,1_2&#8243; module_class=\u00bbmt-50&#8243; _builder_version=\u00bb4.22.2&#8243; _module_preset=\u00bbdefault\u00bb global_colors_info=\u00bb{}\u00bb][et_pb_column type=\u00bb1_2&#8243; _builder_version=\u00bb4.22.2&#8243; _module_preset=\u00bbdefault\u00bb global_colors_info=\u00bb{}\u00bb][et_pb_text _builder_version=\u00bb4.22.2&#8243; _module_preset=\u00bbdefault\u00bb global_colors_info=\u00bb{}\u00bb]<\/p>\n<h2>Controlar el ordenador<\/h2>\n<p><span><\/span><\/p>\n<p><span>A trav\u00e9s de Teamviewer para ayudarte.<\/span><\/p>\n<p>[\/et_pb_text][et_pb_button button_url=\u00bbhttps:\/\/www.teamviewer.com\/fr\/telechargement-automatique-de-teamviewer\/\u00bb url_new_window=\u00bbon\u00bb button_text=\u00bbDescargar Teamviewer autom\u00e1ticamente\u00bb _builder_version=\u00bb4.22.2&#8243; _module_preset=\u00bbdefault\u00bb custom_button=\u00bbon\u00bb button_text_size=\u00bb14px\u00bb button_text_color=\u00bb#000000&#8243; button_bg_color=\u00bb#FFFFFF\u00bb button_border_width=\u00bb0px\u00bb button_border_radius=\u00bb0px\u00bb button_font=\u00bb|700|||||||\u00bb button_icon=\u00bb&#xf105;||fa||900&#8243; button_icon_color=\u00bb#000000&#8243; custom_margin=\u00bb||17px|||\u00bb custom_padding=\u00bb6px|0px|6px|0px|false|false\u00bb box_shadow_style=\u00bbpreset4&#8243; box_shadow_horizontal=\u00bb0px\u00bb box_shadow_vertical=\u00bb1px\u00bb box_shadow_color=\u00bb#000000&#8243; locked=\u00bboff\u00bb global_colors_info=\u00bb{}\u00bb][\/et_pb_button][et_pb_button button_url=\u00bbmailto:hello@expression-digitale.com\u00bb url_new_window=\u00bbon\u00bb button_text=\u00bbSolicitar un c\u00f3digo de sesi\u00f3n\u00bb _builder_version=\u00bb4.27.5&#8243; _module_preset=\u00bbdefault\u00bb custom_button=\u00bbon\u00bb button_text_size=\u00bb14px\u00bb button_text_color=\u00bb#000000&#8243; button_bg_color=\u00bb#FFFFFF\u00bb button_border_width=\u00bb0px\u00bb button_border_radius=\u00bb0px\u00bb button_font=\u00bb|700|||||||\u00bb button_icon=\u00bb&#xf105;||fa||900&#8243; button_icon_color=\u00bb#000000&#8243; custom_margin=\u00bb||50px||false|false\u00bb custom_padding=\u00bb6px|0px|6px|0px|false|false\u00bb hover_enabled=\u00bb0&#8243; box_shadow_style=\u00bbpreset4&#8243; box_shadow_horizontal=\u00bb0px\u00bb box_shadow_vertical=\u00bb1px\u00bb box_shadow_color=\u00bb#000000&#8243; locked=\u00bboff\u00bb global_colors_info=\u00bb{}\u00bb sticky_enabled=\u00bb0&#8243;][\/et_pb_button][\/et_pb_column][et_pb_column type=\u00bb1_2&#8243; _builder_version=\u00bb4.22.2&#8243; _module_preset=\u00bbdefault\u00bb global_colors_info=\u00bb{}\u00bb][et_pb_blurb title=\u00bbLOS ESCENARIOS\u00bb icon_placement=\u00bbleft\u00bb _builder_version=\u00bb4.22.2&#8243; _module_preset=\u00bbdefault\u00bb header_font=\u00bb|800|||||||\u00bb image_icon_custom_margin=\u00bb-5px||||false|false\u00bb image_icon_custom_padding=\u00bb||||false|false\u00bb custom_margin=\u00bb||||false|false\u00bb custom_padding=\u00bb||||false|false\u00bb global_colors_info=\u00bb{}\u00bb]<\/p>\n<p><em> Si la descarga autom\u00e1tica no funciona<\/em><\/p>\n<p>[\/et_pb_blurb][et_pb_blurb title=\u00bb0. Ir al sitio web de Teamviewer\u00bb use_icon=\u00bbon\u00bb font_icon=\u00bb&#xf111;||fa||900&#8243; icon_color=\u00bb#000000&#8243; icon_placement=\u00bbleft\u00bb image_icon_width=\u00bb12px\u00bb _builder_version=\u00bb4.22.2&#8243; _module_preset=\u00bbdefault\u00bb image_icon_custom_margin=\u00bb3px|||7px|false|false\u00bb locked=\u00bboff\u00bb global_colors_info=\u00bb{}\u00bb]<\/p>\n<p><a href=\"https:\/\/www.teamviewer.com\/fr\/download\" target=\"_blank\" rel=\"noopener\">Ir al sitio<\/a><\/p>\n<p>[\/et_pb_blurb][et_pb_blurb title=\u00bb1. Elija su sistema operativo\u00bb use_icon=\u00bbon\u00bb font_icon=\u00bb&#xf111;||fa||900&#8243; icon_color=\u00bb#000000&#8243; icon_placement=\u00bbleft\u00bb image_icon_width=\u00bb12px\u00bb _builder_version=\u00bb4.22.2&#8243; _module_preset=\u00bbdefault\u00bb image_icon_custom_margin=\u00bb3px|||7px|false|false\u00bb locked=\u00bboff\u00bb global_colors_info=\u00bb{}\u00bb][\/et_pb_blurb][et_pb_blurb title=\u00bb2. TeamViewer QuickSupport\u00bb use_icon=\u00bbon\u00bb font_icon=\u00bb&#xf111;||fa||900&#8243; icon_color=\u00bb#000000&#8243; icon_placement=\u00bbleft\u00bb image_icon_width=\u00bb12px\u00bb _builder_version=\u00bb4.22.2&#8243; _module_preset=\u00bbdefault\u00bb image_icon_custom_margin=\u00bb3px|||7px|false|false\u00bb locked=\u00bboff\u00bb global_colors_info=\u00bb{}\u00bb]<\/p>\n<p>Haga clic en descargar<\/p>\n<p>[\/et_pb_blurb][et_pb_blurb title=\u00bbLOS ESCENARIOS\u00bb icon_placement=\u00bbleft\u00bb _builder_version=\u00bb4.22.2&#8243; _module_preset=\u00bbdefault\u00bb header_font=\u00bb|800|||||||\u00bb image_icon_custom_margin=\u00bb-5px||||false|false\u00bb image_icon_custom_padding=\u00bb||||false|false\u00bb custom_margin=\u00bb||||false|false\u00bb custom_padding=\u00bb||||false|false\u00bb global_colors_info=\u00bb{}\u00bb]<\/p>\n<p><em> Despu\u00e9s de descargar <\/em><\/p>\n<p>[\/et_pb_blurb][et_pb_blurb title=\u00bb4. Vaya a los archivos descargados\u00bb use_icon=\u00bbon\u00bb font_icon=\u00bb&#xf111;||fa||900&#8243; icon_color=\u00bb#000000&#8243; icon_placement=\u00bbleft\u00bb image_icon_width=\u00bb12px\u00bb _builder_version=\u00bb4.22.2&#8243; _module_preset=\u00bbdefault\u00bb image_icon_custom_margin=\u00bb3px|||7px|false|false\u00bb locked=\u00bboff\u00bb global_colors_info=\u00bb{}\u00bb]<\/p>\n<p>Descomprima el archivo (haga doble clic sobre el nombre del archivo: TeamviewerQS)<\/p>\n<p>[\/et_pb_blurb][et_pb_blurb title=\u00bb5. Haga doble clic en la aplicaci\u00f3n \u00bb use_icon=\u00bbon\u00bb font_icon=\u00bb&#xf111;||fa||900&#8243; icon_color=\u00bb#000000&#8243; icon_placement=\u00bbleft\u00bb image_icon_width=\u00bb12px\u00bb _builder_version=\u00bb4.22.2&#8243; _module_preset=\u00bbdefault\u00bb image_icon_custom_margin=\u00bb3px|||7px|false|false\u00bb locked=\u00bboff\u00bb global_colors_info=\u00bb{}\u00bb][\/et_pb_blurb][et_pb_blurb title=\u00bb6. Solicitar un c\u00f3digo de sesi\u00f3n\u00bb use_icon=\u00bbon\u00bb font_icon=\u00bb&#xf111;||fa||900&#8243; icon_color=\u00bb#000000&#8243; icon_placement=\u00bbleft\u00bb image_icon_width=\u00bb12px\u00bb _builder_version=\u00bb4.27.5&#8243; _module_preset=\u00bbdefault\u00bb image_icon_custom_margin=\u00bb3px|||7px|false|false\u00bb hover_enabled=\u00bb0&#8243; locked=\u00bboff\u00bb global_colors_info=\u00bb{}\u00bb sticky_enabled=\u00bb0&#8243;]<\/p>\n<p><a href=\"mailto:hello@expression-digitale.com\">hello@expression-digitale.com<\/a><\/p>\n<p>A continuaci\u00f3n, introduzca el c\u00f3digo en la aplicaci\u00f3n y espere<\/p>\n<p>[\/et_pb_blurb][et_pb_blurb title=\u00bb7. Haga clic en Unirse\u00bb use_icon=\u00bbon\u00bb font_icon=\u00bb&#xf111;||fa||900&#8243; icon_color=\u00bb#000000&#8243; icon_placement=\u00bbleft\u00bb image_icon_width=\u00bb12px\u00bb _builder_version=\u00bb4.22.2&#8243; _module_preset=\u00bbdefault\u00bb image_icon_custom_margin=\u00bb3px|||7px|false|false\u00bb locked=\u00bboff\u00bb global_colors_info=\u00bb{}\u00bb]<\/p>\n<p>&amp; no toques nada m\u00e1s, yo me encargo<\/p>\n<p>[\/et_pb_blurb][\/et_pb_column][\/et_pb_row][\/et_pb_section]<\/p>\n","protected":false},"excerpt":{"rendered":"<p>asistencia &nbsp;Controlar el ordenador A trav\u00e9s de Teamviewer para ayudarte. Si la descarga autom\u00e1tica no funcionaIr al sitioHaga clic en descargar Despu\u00e9s de descargar Descomprima el archivo (haga doble clic sobre el nombre del archivo: TeamviewerQS)hello@expression-digitale.com A continuaci\u00f3n, introduzca el c\u00f3digo en la aplicaci\u00f3n y espere&amp; no toques nada m\u00e1s, yo me encargo<\/p>\n","protected":false},"author":1,"featured_media":0,"parent":0,"menu_order":0,"comment_status":"closed","ping_status":"closed","template":"","meta":{"_et_pb_use_builder":"on","_et_pb_old_content":"","_et_gb_content_width":"","footnotes":""},"class_list":["post-29262","page","type-page","status-publish","hentry"],"aioseo_notices":[],"jetpack_sharing_enabled":true,"_links":{"self":[{"href":"https:\/\/expression-digitale.com\/es\/wp-json\/wp\/v2\/pages\/29262","targetHints":{"allow":["GET"]}}],"collection":[{"href":"https:\/\/expression-digitale.com\/es\/wp-json\/wp\/v2\/pages"}],"about":[{"href":"https:\/\/expression-digitale.com\/es\/wp-json\/wp\/v2\/types\/page"}],"author":[{"embeddable":true,"href":"https:\/\/expression-digitale.com\/es\/wp-json\/wp\/v2\/users\/1"}],"replies":[{"embeddable":true,"href":"https:\/\/expression-digitale.com\/es\/wp-json\/wp\/v2\/comments?post=29262"}],"version-history":[{"count":25,"href":"https:\/\/expression-digitale.com\/es\/wp-json\/wp\/v2\/pages\/29262\/revisions"}],"predecessor-version":[{"id":34573,"href":"https:\/\/expression-digitale.com\/es\/wp-json\/wp\/v2\/pages\/29262\/revisions\/34573"}],"wp:attachment":[{"href":"https:\/\/expression-digitale.com\/es\/wp-json\/wp\/v2\/media?parent=29262"}],"curies":[{"name":"wp","href":"https:\/\/api.w.org\/{rel}","templated":true}]}}