{"id":29240,"date":"2023-09-27T21:16:53","date_gmt":"2023-09-27T19:16:53","guid":{"rendered":"https:\/\/digitale.the-expression.ch\/politica-de-privacidad\/"},"modified":"2026-03-25T21:05:26","modified_gmt":"2026-03-25T20:05:26","slug":"politica-de-privacidad","status":"publish","type":"page","link":"https:\/\/expression-digitale.com\/es\/politica-de-privacidad\/","title":{"rendered":"Pol\u00edtica de privacidad"},"content":{"rendered":"<p>[et_pb_section fb_built=\u00bb1&#8243; admin_label=\u00bbsection\u00bb _builder_version=\u00bb4.16&#8243; global_colors_info=\u00bb{}\u00bb][et_pb_row admin_label=\u00bbrow\u00bb _builder_version=\u00bb4.16&#8243; background_size=\u00bbinitial\u00bb background_position=\u00bbtop_left\u00bb background_repeat=\u00bbrepeat\u00bb global_colors_info=\u00bb{}\u00bb][et_pb_column type=\u00bb4_4&#8243; _builder_version=\u00bb4.16&#8243; custom_padding=\u00bb|||\u00bb global_colors_info=\u00bb{}\u00bb custom_padding__hover=\u00bb|||\u00bb][et_pb_text admin_label=\u00bbText\u00bb _builder_version=\u00bb4.22.2&#8243; background_size=\u00bbinitial\u00bb background_position=\u00bbtop_left\u00bb background_repeat=\u00bbrepeat\u00bb global_colors_info=\u00bb{}\u00bb]<\/p>\n<h1>Datos<\/h1>\n<\/p>\n<p>[\/et_pb_text][\/et_pb_column][\/et_pb_row][et_pb_row column_structure=\u00bb3_5,2_5&#8243; module_class=\u00bbmt-50&#8243; _builder_version=\u00bb4.22.2&#8243; _module_preset=\u00bbdefault\u00bb global_colors_info=\u00bb{}\u00bb][et_pb_column type=\u00bb3_5&#8243; _builder_version=\u00bb4.22.2&#8243; _module_preset=\u00bbdefault\u00bb global_colors_info=\u00bb{}\u00bb][et_pb_text _builder_version=\u00bb4.22.2&#8243; _module_preset=\u00bbdefault\u00bb global_colors_info=\u00bb{}\u00bb]<\/p>\n<h2>Pol\u00edtica de privacidad<\/h2>\n<p>[\/et_pb_text][et_pb_text _builder_version=\u00bb4.27.5&#8243; _module_preset=\u00bbdefault\u00bb hover_enabled=\u00bb0&#8243; global_colors_info=\u00bb{}\u00bb sticky_enabled=\u00bb0&#8243;]<\/p>\n<p><strong>La protecci\u00f3n de datos se basa en la confianza, y su confianza es muy importante para nosotros. Proporcionamos esta declaraci\u00f3n de privacidad para explicar c\u00f3mo utilizamos la informaci\u00f3n personal que recopilamos de usted.<\/strong><\/p>\n<h3><\/h3>\n<h3>Su consentimiento<\/h3>\n<p>Al navegar por nuestro sitio y acceder a nuestros servicios<span>,<\/span> <strong>usted manifiesta su aceptaci\u00f3n de nuestra pol\u00edtica de privacidad<\/strong> y acepta que <span>r<\/span>ecopilemos y utilicemos sus datos personales tal como se describe en esta declaraci\u00f3n de privacidad.<\/p>\n<h3><\/h3>\n<h3>Protecci\u00f3n de datos<\/h3>\n<p>Los datos personales son cualquier informaci\u00f3n relativa a una persona identificada o identificable (por ejemplo, un nombre, pero tambi\u00e9n una direcci\u00f3n IP). La ley de 11 de septiembre de 2007 sobre protecci\u00f3n de datos personales (LPrD: RSV 172.65) establece que toda persona tiene derecho a la protecci\u00f3n de su esfera privada y a la protecci\u00f3n contra el uso indebido de sus datos personales.<\/p>\n<p>Los datos personales no se vender\u00e1n ni se transmitir\u00e1n a terceros. Los subcontratistas s\u00f3lo recibir\u00e1n los datos necesarios para la tarea que se les haya encomendado y estar\u00e1n sujetos a los requisitos de confidencialidad.<\/p>\n<p>La comunicaci\u00f3n entre su navegador y el servidor que aloja nuestro sitio web est\u00e1 cifrada. Sus datos personales se transmiten de forma segura mediante encriptaci\u00f3n SSL (Secure Socket Layer). Tomamos medidas razonables para proteger nuestro sitio web y otros sistemas contra la p\u00e9rdida, destrucci\u00f3n, acceso, alteraci\u00f3n y distribuci\u00f3n de sus datos por personas no autorizadas. A pesar de nuestras medidas, no podemos garantizar que sus datos no sean alterados, destruidos, objeto de acceso no autorizado o utilizados indebidamente.<\/p>\n<p><strong>Al visitar nuestro sitio y utilizar nuestros servicios, usted comprende y acepta estos riesgos.<\/strong><\/p>\n<h3><\/h3>\n<h3>Uso de datos personales<\/h3>\n<p>Recogemos autom\u00e1ticamente los siguientes datos: direcci\u00f3n IP, fecha, hora, n\u00famero de navegador e informaci\u00f3n transmitida generalmente por el sistema operativo o el navegador. Es posible que debamos transmitir estos datos a terceros para cumplir una obligaci\u00f3n legal, en particular en aplicaci\u00f3n de la Ley Federal de Vigilancia de la Correspondencia Postal y de Telecomunicaciones (LSCPT) y sus ordenanzas de desarrollo.<\/p>\n<p><strong>S\u00f3lo utilizamos sus datos para procesar sus solicitudes, para nuestro servicio de atenci\u00f3n al cliente y para fines de administraci\u00f3n t\u00e9cnica, as\u00ed como para evaluaciones estad\u00edsticas anonimizadas con el fin de mejorar nuestras ofertas y la calidad de nuestro sitio.<\/strong><\/p>\n<div class=\"fl-module fl-module-heading fl-node-6jmgk1pncdv4 heading-28\" data-node=\"6jmgk1pncdv4\">\n<div class=\"fl-module-content fl-node-content\">\n<h3 class=\"fl-heading\"><span class=\"fl-heading-text\"><\/span><\/h3>\n<h3 class=\"fl-heading\"><span class=\"fl-heading-text\">Formulario de contacto<\/span><\/h3>\n<\/div>\n<\/div>\n<div class=\"fl-module fl-module-rich-text fl-node-gnxb49103lde text-18\" data-node=\"gnxb49103lde\">\n<div class=\"fl-module-content fl-node-content\">\n<div class=\"fl-rich-text\">\n<p>El propietario ofrece la posibilidad de contactar directamente con su departamento de ventas. Se recogen los siguientes datos personales: nombre y apellidos de la persona de contacto, cargo, n\u00famero de tel\u00e9fono, direcci\u00f3n de correo electr\u00f3nico y una descripci\u00f3n de su proyecto. Estos datos son necesarios para tramitar la solicitud de forma profesional.<\/p>\n<p>&nbsp;<\/p>\n<h3>Uso de cookies<\/h3>\n<\/div>\n<\/div>\n<\/div>\n<p>Se utilizan cookies que pueden registrar autom\u00e1ticamente informaci\u00f3n personal (por ejemplo, direcci\u00f3n IP, navegador o dispositivo utilizado). Estas cookies se utilizan para hacer m\u00e1s agradable el uso del sitio y para recopilar informaci\u00f3n con fines de an\u00e1lisis.<\/p>\n<p>Tenga en cuenta que los datos relativos a las b\u00fasquedas y la navegaci\u00f3n pueden tratarse con fines publicitarios. Estos datos se utilizan, en particular, con fines publicitarios, mediciones estad\u00edsticas, publicidad geolocalizada o an\u00e1lisis del comportamiento de los internautas para personalizar la publicidad que se les env\u00eda.<\/p>\n<p>Todos los navegadores recientes permiten a los usuarios impedir que se guarden las cookies, as\u00ed como llevar a cabo sesiones de navegaci\u00f3n al final de las cuales se eliminan las cookies instaladas durante la sesi\u00f3n (por ejemplo, el modo de navegaci\u00f3n privada en Chrome).<\/p>\n<h4><\/h4>\n<h3>Google Analytics<\/h3>\n<p>Este sitio web utiliza Google Analytics, un servicio de an\u00e1lisis web de Google Inc. (\u00abGoogle \u00bb). Google Analytics utiliza \u00abcookies\u00bb, que son archivos de texto ubicados en su ordenador, para ayudarnos a analizar el uso que hacen los usuarios del sitio web. La informaci\u00f3n que genera la cookie acerca de su uso del website (incluyendo su direcci\u00f3n IP) ser\u00e1 directamente transmitida y archivada por Google en los servidores, que pueden estar situados fuera de Suiza.<\/p>\n<p>Google usar\u00e1 esta informaci\u00f3n por cuenta nuestra con el prop\u00f3sito de seguir la pista de su uso del website, recopilando informes de la actividad del website y prestando otros servicios relacionados con la actividad del website y el uso de Internet. Google podr\u00e1 transmitir dicha informaci\u00f3n a terceros cuando as\u00ed se lo requiera la legislaci\u00f3n, o cuando dichos terceros procesen la informaci\u00f3n por cuenta de Google.<\/p>\n<p>Google no asociar\u00e1 su direcci\u00f3n IP con ning\u00fan otro dato del que disponga Google. Al utilizar este sitio web, usted consiente el tratamiento de informaci\u00f3n acerca de usted por Google y acepta las condiciones de uso de Google.<\/p>\n<p><strong>Google tambi\u00e9n ha suscrito el marco jur\u00eddico del \u00abEscudo de la privacidad\u00bb, que cubre las relaciones entre Suiza y Estados Unidos en materia de protecci\u00f3n de datos. Finalmente, Google anonimiza su direcci\u00f3n IP antes de guardarla.<\/strong><\/p>\n<h3><\/h3>\n<h3>Referencias y enlaces<\/h3>\n<p>Nuestro sitio puede proporcionar referencias y enlaces a otros sitios web. El acceso y uso de estos sitios es bajo responsabilidad del usuario. La informaci\u00f3n y los servicios ofrecidos por estos sitios son entera responsabilidad de sus autores.<\/p>\n<h4><\/h4>\n<h3>Derecho de acceso y rectificaci\u00f3n<\/h3>\n<p>De conformidad con la ley federal de protecci\u00f3n de datos, usted tiene derecho a informaci\u00f3n, oposici\u00f3n, acceso, rectificaci\u00f3n y supresi\u00f3n de los datos que le conciernen.<\/p>\n<p>Este derecho podr\u00e1 ejercerse en la siguiente direcci\u00f3n <a href=\"mailto:hello@expression-digitale.com\">hello@expression-digitale.com<\/a><\/p>\n<h3><\/h3>\n<h3>Informaci\u00f3n y contacto<\/h3>\n<p>Si desea obtener m\u00e1s informaci\u00f3n sobre c\u00f3mo tratamos los datos personales o si tiene alguna consulta espec\u00edfica, p\u00f3ngase en contacto con nosotros: <a href=\"mailto:hello@expression-digitale.com\">hello@expression-digitale.com<\/a><\/p>\n<p>[\/et_pb_text][\/et_pb_column][et_pb_column type=\u00bb2_5&#8243; _builder_version=\u00bb4.22.2&#8243; _module_preset=\u00bbdefault\u00bb global_colors_info=\u00bb{}\u00bb][\/et_pb_column][\/et_pb_row][\/et_pb_section]<\/p>\n","protected":false},"excerpt":{"rendered":"<p>Datos Pol\u00edtica de privacidadLa protecci\u00f3n de datos se basa en la confianza, y su confianza es muy importante para nosotros. Proporcionamos esta declaraci\u00f3n de privacidad para explicar c\u00f3mo utilizamos la informaci\u00f3n personal que recopilamos de usted. Su consentimiento Al navegar por nuestro sitio y acceder a nuestros servicios, usted manifiesta su aceptaci\u00f3n de nuestra pol\u00edtica [&hellip;]<\/p>\n","protected":false},"author":1,"featured_media":0,"parent":0,"menu_order":0,"comment_status":"closed","ping_status":"closed","template":"","meta":{"_et_pb_use_builder":"on","_et_pb_old_content":"","_et_gb_content_width":"","footnotes":""},"class_list":["post-29240","page","type-page","status-publish","hentry"],"aioseo_notices":[],"jetpack_sharing_enabled":true,"_links":{"self":[{"href":"https:\/\/expression-digitale.com\/es\/wp-json\/wp\/v2\/pages\/29240","targetHints":{"allow":["GET"]}}],"collection":[{"href":"https:\/\/expression-digitale.com\/es\/wp-json\/wp\/v2\/pages"}],"about":[{"href":"https:\/\/expression-digitale.com\/es\/wp-json\/wp\/v2\/types\/page"}],"author":[{"embeddable":true,"href":"https:\/\/expression-digitale.com\/es\/wp-json\/wp\/v2\/users\/1"}],"replies":[{"embeddable":true,"href":"https:\/\/expression-digitale.com\/es\/wp-json\/wp\/v2\/comments?post=29240"}],"version-history":[{"count":3,"href":"https:\/\/expression-digitale.com\/es\/wp-json\/wp\/v2\/pages\/29240\/revisions"}],"predecessor-version":[{"id":34579,"href":"https:\/\/expression-digitale.com\/es\/wp-json\/wp\/v2\/pages\/29240\/revisions\/34579"}],"wp:attachment":[{"href":"https:\/\/expression-digitale.com\/es\/wp-json\/wp\/v2\/media?parent=29240"}],"curies":[{"name":"wp","href":"https:\/\/api.w.org\/{rel}","templated":true}]}}