{"id":29235,"date":"2023-09-27T16:00:15","date_gmt":"2023-09-27T14:00:15","guid":{"rendered":"https:\/\/digitale.the-expression.ch\/soluciones\/redaccion\/"},"modified":"2025-04-26T21:38:28","modified_gmt":"2025-04-26T19:38:28","slug":"redaccion-y-traduccion","status":"publish","type":"page","link":"https:\/\/expression-digitale.com\/es\/soluciones\/redaccion-y-traduccion\/","title":{"rendered":"Redacci\u00f3n y Traducci\u00f3n"},"content":{"rendered":"<p>[et_pb_section fb_built=\u00bb1&#8243; admin_label=\u00bbsection\u00bb _builder_version=\u00bb4.16&#8243; locked=\u00bboff\u00bb global_colors_info=\u00bb{}\u00bb][et_pb_row admin_label=\u00bbrow\u00bb _builder_version=\u00bb4.16&#8243; background_size=\u00bbinitial\u00bb background_position=\u00bbtop_left\u00bb background_repeat=\u00bbrepeat\u00bb global_colors_info=\u00bb{}\u00bb][et_pb_column type=\u00bb4_4&#8243; _builder_version=\u00bb4.16&#8243; custom_padding=\u00bb|||\u00bb global_colors_info=\u00bb{}\u00bb custom_padding__hover=\u00bb|||\u00bb][et_pb_text _builder_version=\u00bb4.22.2&#8243; _module_preset=\u00bbdefault\u00bb custom_margin=\u00bb||0px||false|false\u00bb custom_padding=\u00bb||0px||false|false\u00bb global_colors_info=\u00bb{}\u00bb]<\/p>\n<h3><span>Redacci\u00f3n y Traducci\u00f3n<\/span><\/h3>\n<p>[\/et_pb_text][et_pb_text admin_label=\u00bbText\u00bb _builder_version=\u00bb4.22.2&#8243; background_size=\u00bbinitial\u00bb background_position=\u00bbtop_left\u00bb background_repeat=\u00bbrepeat\u00bb global_colors_info=\u00bb{}\u00bb]<\/p>\n<h1>prompt<\/h1>\n<p>&nbsp;<\/p>\n<p>[\/et_pb_text][\/et_pb_column][\/et_pb_row][et_pb_row column_structure=\u00bb1_2,1_2&#8243; module_class=\u00bbmt-50&#8243; _builder_version=\u00bb4.22.2&#8243; _module_preset=\u00bbdefault\u00bb global_colors_info=\u00bb{}\u00bb][et_pb_column type=\u00bb1_2&#8243; _builder_version=\u00bb4.22.2&#8243; _module_preset=\u00bbdefault\u00bb global_colors_info=\u00bb{}\u00bb][et_pb_text _builder_version=\u00bb4.27.2&#8243; _module_preset=\u00bbdefault\u00bb header_3_font=\u00bb|300|||||||\u00bb locked=\u00bboff\u00bb global_colors_info=\u00bb{}\u00bb]<\/p>\n<h3>Utilizar la escritura para comunicar <\/h3>\n<h2>llevar las palabras m\u00e1s all\u00e1 de su esencia y revelar lo invisible.<\/h2>\n<p>[\/et_pb_text][et_pb_button button_url=\u00bb@ET-DC@eyJkeW5hbWljIjp0cnVlLCJjb250ZW50IjoicG9zdF9saW5rX3VybF9wYWdlIiwic2V0dGluZ3MiOnsicG9zdF9pZCI6IjI4ODY1In19@\u00bb button_text=\u00bb\u00bfNecesitas ayuda? &#8230; \u00bfPor qu\u00e9 no hacerlo realidad?\u00bb _builder_version=\u00bb4.27.2&#8243; _dynamic_attributes=\u00bbbutton_url\u00bb _module_preset=\u00bbdefault\u00bb custom_button=\u00bbon\u00bb button_text_size=\u00bb14px\u00bb button_text_color=\u00bb#000000&#8243; button_bg_color=\u00bb#FFFFFF\u00bb button_border_width=\u00bb0px\u00bb button_border_radius=\u00bb0px\u00bb button_font=\u00bb|700|||||||\u00bb button_icon=\u00bb&#xf105;||fa||900&#8243; button_icon_color=\u00bb#000000&#8243; custom_margin=\u00bb||50px||false|false\u00bb custom_padding=\u00bb6px|0px|6px|0px|false|false\u00bb box_shadow_style=\u00bbpreset4&#8243; box_shadow_horizontal=\u00bb0px\u00bb box_shadow_vertical=\u00bb1px\u00bb box_shadow_color=\u00bb#000000&#8243; locked=\u00bboff\u00bb global_colors_info=\u00bb{}\u00bb][\/et_pb_button][\/et_pb_column][et_pb_column type=\u00bb1_2&#8243; _builder_version=\u00bb4.22.2&#8243; _module_preset=\u00bbdefault\u00bb global_colors_info=\u00bb{}\u00bb][et_pb_text _builder_version=\u00bb4.27.4&#8243; _module_preset=\u00bbdefault\u00bb hover_enabled=\u00bb0&#8243; global_colors_info=\u00bb{}\u00bb sticky_enabled=\u00bb0&#8243;]<\/p>\n<p>El contenido de su sitio web puede representar a veces un reto durante la fase de finalizaci\u00f3n, pero su importancia es tan esencial como la de las im\u00e1genes y el dise\u00f1o.<\/p>\n<p>Sus visitantes, al igual que los motores de b\u00fasqueda, necesitan entender su negocio con claridad. Por eso podemos ayudarle a optimizar <strong><span style=\"text-decoration: underline;\">la redacci\u00f3n<\/span><\/strong> y <span style=\"text-decoration: underline;\"><strong>traducci\u00f3n<\/strong><\/span> de sus contenidos mediante tecnolog\u00edas de inteligencia artificial, para que se adapten perfectamente a su sector y le ayuden a dirigirse a sus clientes con mayor eficacia. <\/p>\n<p>Tambi\u00e9n podemos <span style=\"text-decoration: underline;\"><strong>revisar la ortograf\u00eda y la gram\u00e1tica<\/strong><\/span> de sus textos para garantizar una presentaci\u00f3n profesional, fluida y sin errores.<\/p>\n<p>&nbsp;<\/p>\n<p>[\/et_pb_text][\/et_pb_column][\/et_pb_row][\/et_pb_section][et_pb_section fb_built=\u00bb1&#8243; admin_label=\u00bbsection\u00bb module_class=\u00bbbg-noir\u00bb _builder_version=\u00bb4.24.2&#8243; background_color=\u00bb#1f1f1f\u00bb custom_margin=\u00bb||100px||false|false\u00bb custom_padding=\u00bb40px||||false|false\u00bb locked=\u00bboff\u00bb global_colors_info=\u00bb{}\u00bb][et_pb_row module_class=\u00bbmt-50&#8243; _builder_version=\u00bb4.22.2&#8243; _module_preset=\u00bbdefault\u00bb global_colors_info=\u00bb{}\u00bb][et_pb_column type=\u00bb4_4&#8243; _builder_version=\u00bb4.22.2&#8243; _module_preset=\u00bbdefault\u00bb global_colors_info=\u00bb{}\u00bb][et_pb_blurb title=\u00bbHerramientas utilizadas\u00bb icon_placement=\u00bbleft\u00bb image_icon_width=\u00bb12px\u00bb content_max_width=\u00bb1100px\u00bb _builder_version=\u00bb4.27.2&#8243; _module_preset=\u00bbdefault\u00bb image_icon_custom_margin=\u00bb3px|||7px|false|false\u00bb width=\u00bb100%\u00bb max_width=\u00bb100%\u00bb locked=\u00bboff\u00bb global_colors_info=\u00bb{}\u00bb]<\/p>\n<p><em>IA:<\/em> ChatGPT 3.5 | botowski | writesonic<\/p>\n<p>[\/et_pb_blurb][et_pb_blurb title=\u00bbAdmite \u00bb icon_placement=\u00bbleft\u00bb image_icon_width=\u00bb12px\u00bb content_max_width=\u00bb1100px\u00bb _builder_version=\u00bb4.27.2&#8243; _module_preset=\u00bbdefault\u00bb image_icon_custom_margin=\u00bb3px|||7px|false|false\u00bb width=\u00bb100%\u00bb max_width=\u00bb100%\u00bb locked=\u00bboff\u00bb global_colors_info=\u00bb{}\u00bb]<\/p>\n<p>Sitios web, art\u00edculos de blog, p\u00e1ginas de productos, boletines, publicaciones en redes sociales, cartas (de presentaci\u00f3n o no), folletos, procesos, etc.<\/p>\n<p>[\/et_pb_blurb][\/et_pb_column][\/et_pb_row][\/et_pb_section][et_pb_section fb_built=\u00bb1&#8243; _builder_version=\u00bb4.24.2&#8243; _module_preset=\u00bbdefault\u00bb background_enable_color=\u00bboff\u00bb custom_margin=\u00bb0px||||false|false\u00bb custom_padding=\u00bb0px||||false|false\u00bb locked=\u00bboff\u00bb global_colors_info=\u00bb{}\u00bb][et_pb_row _builder_version=\u00bb4.22.2&#8243; _module_preset=\u00bbdefault\u00bb global_colors_info=\u00bb{}\u00bb][et_pb_column type=\u00bb4_4&#8243; _builder_version=\u00bb4.22.2&#8243; _module_preset=\u00bbdefault\u00bb global_colors_info=\u00bb{}\u00bb][et_pb_blog fullwidth=\u00bboff\u00bb include_categories=\u00bb39&#8243; meta_date=\u00bbj M Y\u00bb show_more=\u00bbon\u00bb show_author=\u00bboff\u00bb show_categories=\u00bboff\u00bb use_overlay=\u00bbon\u00bb overlay_icon_color=\u00bb#ffffff\u00bb hover_overlay_color=\u00bbrgba(0,0,0,0.52)\u00bb hover_icon=\u00bb\uf518||fa||900&#8243; module_class=\u00bbcu-blog\u00bb _builder_version=\u00bb4.25.2&#8243; _module_preset=\u00bbdefault\u00bb meta_font_size=\u00bb12px\u00bb read_more_font=\u00bb|700||on|||||\u00bb read_more_font_size=\u00bb13px\u00bb read_more_line_height=\u00bb3em\u00bb border_radii=\u00bboff|30px|||\u00bb border_width_all=\u00bb0px\u00bb border_radii_image=\u00bboff|30px|||\u00bb box_shadow_style=\u00bbpreset1&#8243; box_shadow_vertical=\u00bb-1px\u00bb box_shadow_blur=\u00bb13px\u00bb box_shadow_spread=\u00bb1px\u00bb box_shadow_color=\u00bbrgba(0,0,0,0.13)\u00bb global_colors_info=\u00bb{}\u00bb][\/et_pb_blog][\/et_pb_column][\/et_pb_row][\/et_pb_section]<\/p>\n","protected":false},"excerpt":{"rendered":"<p>Redacci\u00f3n y Traducci\u00f3nprompt &nbsp;Utilizar la escritura para comunicar llevar las palabras m\u00e1s all\u00e1 de su esencia y revelar lo invisible.El contenido de su sitio web puede representar a veces un reto durante la fase de finalizaci\u00f3n, pero su importancia es tan esencial como la de las im\u00e1genes y el dise\u00f1o. Sus visitantes, al igual que [&hellip;]<\/p>\n","protected":false},"author":1,"featured_media":0,"parent":29222,"menu_order":0,"comment_status":"closed","ping_status":"closed","template":"","meta":{"_et_pb_use_builder":"on","_et_pb_old_content":"","_et_gb_content_width":"","footnotes":""},"class_list":["post-29235","page","type-page","status-publish","hentry"],"aioseo_notices":[],"jetpack_sharing_enabled":true,"_links":{"self":[{"href":"https:\/\/expression-digitale.com\/es\/wp-json\/wp\/v2\/pages\/29235","targetHints":{"allow":["GET"]}}],"collection":[{"href":"https:\/\/expression-digitale.com\/es\/wp-json\/wp\/v2\/pages"}],"about":[{"href":"https:\/\/expression-digitale.com\/es\/wp-json\/wp\/v2\/types\/page"}],"author":[{"embeddable":true,"href":"https:\/\/expression-digitale.com\/es\/wp-json\/wp\/v2\/users\/1"}],"replies":[{"embeddable":true,"href":"https:\/\/expression-digitale.com\/es\/wp-json\/wp\/v2\/comments?post=29235"}],"version-history":[{"count":56,"href":"https:\/\/expression-digitale.com\/es\/wp-json\/wp\/v2\/pages\/29235\/revisions"}],"predecessor-version":[{"id":33662,"href":"https:\/\/expression-digitale.com\/es\/wp-json\/wp\/v2\/pages\/29235\/revisions\/33662"}],"up":[{"embeddable":true,"href":"https:\/\/expression-digitale.com\/es\/wp-json\/wp\/v2\/pages\/29222"}],"wp:attachment":[{"href":"https:\/\/expression-digitale.com\/es\/wp-json\/wp\/v2\/media?parent=29235"}],"curies":[{"name":"wp","href":"https:\/\/api.w.org\/{rel}","templated":true}]}}