{"id":29233,"date":"2023-09-27T15:59:45","date_gmt":"2023-09-27T13:59:45","guid":{"rendered":"https:\/\/digitale.the-expression.ch\/soluciones\/webdesign\/"},"modified":"2025-04-20T00:31:32","modified_gmt":"2025-04-19T22:31:32","slug":"webdesign","status":"publish","type":"page","link":"https:\/\/expression-digitale.com\/es\/soluciones\/webdesign\/","title":{"rendered":"Webdesign"},"content":{"rendered":"<p>[et_pb_section fb_built=\u00bb1&#8243; admin_label=\u00bbsection\u00bb _builder_version=\u00bb4.16&#8243; global_colors_info=\u00bb{}\u00bb][et_pb_row admin_label=\u00bbrow\u00bb _builder_version=\u00bb4.16&#8243; background_size=\u00bbinitial\u00bb background_position=\u00bbtop_left\u00bb background_repeat=\u00bbrepeat\u00bb global_colors_info=\u00bb{}\u00bb][et_pb_column type=\u00bb4_4&#8243; _builder_version=\u00bb4.16&#8243; custom_padding=\u00bb|||\u00bb global_colors_info=\u00bb{}\u00bb custom_padding__hover=\u00bb|||\u00bb][et_pb_text admin_label=\u00bbText\u00bb _builder_version=\u00bb4.22.2&#8243; background_size=\u00bbinitial\u00bb background_position=\u00bbtop_left\u00bb background_repeat=\u00bbrepeat\u00bb global_colors_info=\u00bb{}\u00bb]<\/p>\n<h1><span>Web<\/span> design<\/h1>\n<p>&nbsp;[\/et_pb_text][\/et_pb_column][\/et_pb_row][et_pb_row column_structure=\u00bb1_2,1_2&#8243; module_class=\u00bbmt-50&#8243; _builder_version=\u00bb4.22.2&#8243; _module_preset=\u00bbdefault\u00bb global_colors_info=\u00bb{}\u00bb][et_pb_column type=\u00bb1_2&#8243; _builder_version=\u00bb4.22.2&#8243; _module_preset=\u00bbdefault\u00bb global_colors_info=\u00bb{}\u00bb][et_pb_text _builder_version=\u00bb4.24.2&#8243; _module_preset=\u00bbdefault\u00bb header_3_font=\u00bb|300|||||||\u00bb global_colors_info=\u00bb{}\u00bb]<\/p>\n<h3>La gente se viste para impresionar.<\/h3>\n<h2>Dise\u00f1amos im\u00e1genes para ayudar a las empresas a triunfar!<\/h2>\n<p>[\/et_pb_text][et_pb_button button_url=\u00bb@ET-DC@eyJkeW5hbWljIjp0cnVlLCJjb250ZW50IjoicG9zdF9saW5rX3VybF9wYWdlIiwic2V0dGluZ3MiOnsicG9zdF9pZCI6IjI4ODY1In19@\u00bb button_text=\u00bb\u00bfAlguna idea? &#8230; \u00bfPor qu\u00e9 no hacerlo realidad?\u00bb _builder_version=\u00bb4.22.2&#8243; _dynamic_attributes=\u00bbbutton_url\u00bb _module_preset=\u00bbdefault\u00bb custom_button=\u00bbon\u00bb button_text_size=\u00bb14px\u00bb button_text_color=\u00bb#000000&#8243; button_bg_color=\u00bb#FFFFFF\u00bb button_border_width=\u00bb0px\u00bb button_border_radius=\u00bb0px\u00bb button_font=\u00bb|700|||||||\u00bb button_icon=\u00bb&#xf105;||fa||900&#8243; button_icon_color=\u00bb#000000&#8243; custom_margin=\u00bb||50px||false|false\u00bb custom_padding=\u00bb6px|0px|6px|0px|false|false\u00bb box_shadow_style=\u00bbpreset4&#8243; box_shadow_horizontal=\u00bb0px\u00bb box_shadow_vertical=\u00bb1px\u00bb box_shadow_color=\u00bb#000000&#8243; locked=\u00bboff\u00bb global_colors_info=\u00bb{}\u00bb][\/et_pb_button][\/et_pb_column][et_pb_column type=\u00bb1_2&#8243; _builder_version=\u00bb4.22.2&#8243; _module_preset=\u00bbdefault\u00bb global_colors_info=\u00bb{}\u00bb][et_pb_text _builder_version=\u00bb4.22.2&#8243; _module_preset=\u00bbdefault\u00bb global_colors_info=\u00bb{}\u00bb]<\/p>\n<p><span>El dise\u00f1o de cada sitio se personaliza para expresar su personalidad o identidad de marca a trav\u00e9s de dise\u00f1os web elegantes e intuitivos, desprovistos de elementos superfluos. <\/span><\/p>\n<p><span>Un enfoque sencillo, una experiencia de usuario positiva, contenidos de alta calidad, que dejen una impresi\u00f3n memorable.<\/span><\/p>\n<p>[\/et_pb_text][et_pb_blurb title=\u00bbWireframes\u00bb use_icon=\u00bbon\u00bb font_icon=\u00bb&#xf111;||fa||900&#8243; icon_color=\u00bb#000000&#8243; icon_placement=\u00bbleft\u00bb image_icon_width=\u00bb12px\u00bb _builder_version=\u00bb4.22.2&#8243; _module_preset=\u00bbdefault\u00bb image_icon_custom_margin=\u00bb3px|||7px|false|false\u00bb locked=\u00bboff\u00bb global_colors_info=\u00bb{}\u00bb]<\/p>\n<p>Cuando su proyecto es a gran escala<\/p>\n<p>[\/et_pb_blurb][et_pb_blurb title=\u00bbArquitectura de contenidos, estructura de \u00e1rbol\u00bb use_icon=\u00bbon\u00bb font_icon=\u00bb&#xf111;||fa||900&#8243; icon_color=\u00bb#000000&#8243; icon_placement=\u00bbleft\u00bb image_icon_width=\u00bb12px\u00bb _builder_version=\u00bb4.22.2&#8243; _module_preset=\u00bbdefault\u00bb image_icon_custom_margin=\u00bb3px|||7px|false|false\u00bb locked=\u00bboff\u00bb global_colors_info=\u00bb{}\u00bb][\/et_pb_blurb][et_pb_blurb title=\u00bbNavegaci\u00f3n ergon\u00f3mica\u00bb use_icon=\u00bbon\u00bb font_icon=\u00bb&#xf111;||fa||900&#8243; icon_color=\u00bb#000000&#8243; icon_placement=\u00bbleft\u00bb image_icon_width=\u00bb12px\u00bb _builder_version=\u00bb4.22.2&#8243; _module_preset=\u00bbdefault\u00bb image_icon_custom_margin=\u00bb3px|||7px|false|false\u00bb locked=\u00bboff\u00bb global_colors_info=\u00bb{}\u00bb][\/et_pb_blurb][et_pb_blurb title=\u00bbCreaci\u00f3n de interfaces gr\u00e1ficas en figma, photoshop o XD\u00bb use_icon=\u00bbon\u00bb font_icon=\u00bb&#xf111;||fa||900&#8243; icon_color=\u00bb#000000&#8243; icon_placement=\u00bbleft\u00bb image_icon_width=\u00bb12px\u00bb _builder_version=\u00bb4.22.2&#8243; _module_preset=\u00bbdefault\u00bb image_icon_custom_margin=\u00bb3px|||7px|false|false\u00bb locked=\u00bboff\u00bb global_colors_info=\u00bb{}\u00bb]<\/p>\n<ul>\n<li>Modelos: sobremesa y m\u00f3vil<\/li>\n<li>Prototipo<\/li>\n<\/ul>\n<p>[\/et_pb_blurb][\/et_pb_column][\/et_pb_row][\/et_pb_section]<\/p>\n","protected":false},"excerpt":{"rendered":"<p>Web design &nbsp;La gente se viste para impresionar. Dise\u00f1amos im\u00e1genes para ayudar a las empresas a triunfar!El dise\u00f1o de cada sitio se personaliza para expresar su personalidad o identidad de marca a trav\u00e9s de dise\u00f1os web elegantes e intuitivos, desprovistos de elementos superfluos. Un enfoque sencillo, una experiencia de usuario positiva, contenidos de alta calidad, [&hellip;]<\/p>\n","protected":false},"author":1,"featured_media":0,"parent":29222,"menu_order":0,"comment_status":"closed","ping_status":"closed","template":"","meta":{"_et_pb_use_builder":"on","_et_pb_old_content":"","_et_gb_content_width":"","footnotes":""},"class_list":["post-29233","page","type-page","status-publish","hentry"],"aioseo_notices":[],"jetpack_sharing_enabled":true,"_links":{"self":[{"href":"https:\/\/expression-digitale.com\/es\/wp-json\/wp\/v2\/pages\/29233","targetHints":{"allow":["GET"]}}],"collection":[{"href":"https:\/\/expression-digitale.com\/es\/wp-json\/wp\/v2\/pages"}],"about":[{"href":"https:\/\/expression-digitale.com\/es\/wp-json\/wp\/v2\/types\/page"}],"author":[{"embeddable":true,"href":"https:\/\/expression-digitale.com\/es\/wp-json\/wp\/v2\/users\/1"}],"replies":[{"embeddable":true,"href":"https:\/\/expression-digitale.com\/es\/wp-json\/wp\/v2\/comments?post=29233"}],"version-history":[{"count":45,"href":"https:\/\/expression-digitale.com\/es\/wp-json\/wp\/v2\/pages\/29233\/revisions"}],"predecessor-version":[{"id":33569,"href":"https:\/\/expression-digitale.com\/es\/wp-json\/wp\/v2\/pages\/29233\/revisions\/33569"}],"up":[{"embeddable":true,"href":"https:\/\/expression-digitale.com\/es\/wp-json\/wp\/v2\/pages\/29222"}],"wp:attachment":[{"href":"https:\/\/expression-digitale.com\/es\/wp-json\/wp\/v2\/media?parent=29233"}],"curies":[{"name":"wp","href":"https:\/\/api.w.org\/{rel}","templated":true}]}}