{"id":29229,"date":"2023-09-27T16:13:14","date_gmt":"2023-09-27T14:13:14","guid":{"rendered":"https:\/\/digitale.the-expression.ch\/soluciones\/seguridad-y-mantenimiento\/"},"modified":"2025-07-23T21:00:01","modified_gmt":"2025-07-23T19:00:01","slug":"seguridad-y-mantenimiento","status":"publish","type":"page","link":"https:\/\/expression-digitale.com\/es\/soluciones\/seguridad-y-mantenimiento\/","title":{"rendered":"Seguridad y mantenimiento"},"content":{"rendered":"<p>[et_pb_section fb_built=\u00bb1&#8243; admin_label=\u00bbsection\u00bb _builder_version=\u00bb4.16&#8243; global_colors_info=\u00bb{}\u00bb][et_pb_row admin_label=\u00bbrow\u00bb _builder_version=\u00bb4.16&#8243; background_size=\u00bbinitial\u00bb background_position=\u00bbtop_left\u00bb background_repeat=\u00bbrepeat\u00bb global_colors_info=\u00bb{}\u00bb][et_pb_column type=\u00bb4_4&#8243; _builder_version=\u00bb4.16&#8243; custom_padding=\u00bb|||\u00bb global_colors_info=\u00bb{}\u00bb custom_padding__hover=\u00bb|||\u00bb][et_pb_text admin_label=\u00bbText\u00bb _builder_version=\u00bb4.22.2&#8243; background_size=\u00bbinitial\u00bb background_position=\u00bbtop_left\u00bb background_repeat=\u00bbrepeat\u00bb global_colors_info=\u00bb{}\u00bb]<\/p>\n<h1>seguridad<\/h1>\n<\/p>\n<p>[\/et_pb_text][\/et_pb_column][\/et_pb_row][et_pb_row column_structure=\u00bb1_2,1_2&#8243; module_class=\u00bbmt-50&#8243; _builder_version=\u00bb4.22.2&#8243; _module_preset=\u00bbdefault\u00bb global_colors_info=\u00bb{}\u00bb][et_pb_column type=\u00bb1_2&#8243; _builder_version=\u00bb4.22.2&#8243; _module_preset=\u00bbdefault\u00bb global_colors_info=\u00bb{}\u00bb][et_pb_text _builder_version=\u00bb4.22.2&#8243; _module_preset=\u00bbdefault\u00bb global_colors_info=\u00bb{}\u00bb]<\/p>\n<h2><span>Proteger y actualizar su sitio web es como cuidar un jard\u00edn secreto en perpetua floraci\u00f3n.<\/span><\/h2>\n<p>[\/et_pb_text][\/et_pb_column][et_pb_column type=\u00bb1_2&#8243; _builder_version=\u00bb4.22.2&#8243; _module_preset=\u00bbdefault\u00bb global_colors_info=\u00bb{}\u00bb][et_pb_text _builder_version=\u00bb4.22.2&#8243; _module_preset=\u00bbdefault\u00bb global_colors_info=\u00bb{}\u00bb]<\/p>\n<p>WordPress es sin duda la plataforma de gesti\u00f3n de contenidos m\u00e1s utilizada, pero tambi\u00e9n una de las m\u00e1s expuestas a las vulnerabilidades. Por ello, la seguridad y las actualizaciones peri\u00f3dicas son de vital importancia hoy en d\u00eda.<\/p>\n<p>Como sistema de gesti\u00f3n de contenidos (CMS) ampliamente utilizado, WordPress se ha convertido en un objetivo prioritario para los atacantes en l\u00ednea. Sus vulnerabilidades se explotan con regularidad, lo que puede tener graves consecuencias para los sitios web y sus propietarios.<\/p>\n<p>[\/et_pb_text][et_pb_blurb title=\u00bbPlugins\u00bb use_icon=\u00bbon\u00bb font_icon=\u00bb&#xf111;||fa||900&#8243; icon_color=\u00bb#000000&#8243; icon_placement=\u00bbleft\u00bb image_icon_width=\u00bb12px\u00bb _builder_version=\u00bb4.22.2&#8243; _module_preset=\u00bbdefault\u00bb image_icon_custom_margin=\u00bb3px|||7px|false|false\u00bb locked=\u00bboff\u00bb global_colors_info=\u00bb{}\u00bb]<\/p>\n<p>Instalaci\u00f3n de plugins para gestionar la seguridad<\/p>\n<p>[\/et_pb_blurb][et_pb_blurb title=\u00bbMantenimiento mensual\u00bb use_icon=\u00bbon\u00bb font_icon=\u00bb&#xf111;||fa||900&#8243; icon_color=\u00bb#000000&#8243; icon_placement=\u00bbleft\u00bb image_icon_width=\u00bb12px\u00bb _builder_version=\u00bb4.22.2&#8243; _module_preset=\u00bbdefault\u00bb image_icon_custom_margin=\u00bb3px|||7px|false|false\u00bb locked=\u00bboff\u00bb global_colors_info=\u00bb{}\u00bb]<\/p>\n<p><span>WordPress, as\u00ed como sus temas y plugins, publica peri\u00f3dicamente actualizaciones para corregir fallos de seguridad. Es esencial aplicarlos r\u00e1pidamente para proteger su sitio<\/span><\/p>\n<p>[\/et_pb_blurb][et_pb_blurb title=\u00bbBackups\u00bb use_icon=\u00bbon\u00bb font_icon=\u00bb&#xf111;||fa||900&#8243; icon_color=\u00bb#000000&#8243; icon_placement=\u00bbleft\u00bb image_icon_width=\u00bb12px\u00bb _builder_version=\u00bb4.22.2&#8243; _module_preset=\u00bbdefault\u00bb image_icon_custom_margin=\u00bb3px|||7px|false|false\u00bb locked=\u00bboff\u00bb global_colors_info=\u00bb{}\u00bb]<\/p>\n<p><span>Copias de seguridad peri\u00f3dicas de su sitio web para poder restaurarlo en caso de problema<\/span><\/p>\n<p>[\/et_pb_blurb][et_pb_blurb title=\u00bbConsejos\u00bb use_icon=\u00bbon\u00bb font_icon=\u00bb&#xf111;||fa||900&#8243; icon_color=\u00bb#000000&#8243; icon_placement=\u00bbleft\u00bb image_icon_width=\u00bb12px\u00bb _builder_version=\u00bb4.22.2&#8243; _module_preset=\u00bbdefault\u00bb image_icon_custom_margin=\u00bb3px|||7px|false|false\u00bb locked=\u00bboff\u00bb global_colors_info=\u00bb{}\u00bb]<\/p>\n<p><span>Consejos sobre buenos modales<\/span><\/p>\n<p>[\/et_pb_blurb][et_pb_blurb title=\u00bbActualizar contenidos\u00bb use_icon=\u00bbon\u00bb font_icon=\u00bb&#xf111;||fa||900&#8243; icon_color=\u00bb#000000&#8243; icon_placement=\u00bbleft\u00bb image_icon_width=\u00bb12px\u00bb _builder_version=\u00bb4.22.2&#8243; _module_preset=\u00bbdefault\u00bb image_icon_custom_margin=\u00bb3px|||7px|false|false\u00bb locked=\u00bboff\u00bb global_colors_info=\u00bb{}\u00bb]<\/p>\n<p>Texto e imagen<\/p>\n<p>[\/et_pb_blurb][\/et_pb_column][\/et_pb_row][\/et_pb_section][et_pb_section fb_built=\u00bb1&#8243; _builder_version=\u00bb4.24.2&#8243; _module_preset=\u00bbdefault\u00bb background_enable_color=\u00bboff\u00bb custom_margin=\u00bb0px||||false|false\u00bb custom_padding=\u00bb0px||||false|false\u00bb locked=\u00bboff\u00bb global_colors_info=\u00bb{}\u00bb][et_pb_row _builder_version=\u00bb4.22.2&#8243; _module_preset=\u00bbdefault\u00bb global_colors_info=\u00bb{}\u00bb][et_pb_column type=\u00bb4_4&#8243; _builder_version=\u00bb4.22.2&#8243; _module_preset=\u00bbdefault\u00bb global_colors_info=\u00bb{}\u00bb][et_pb_blog fullwidth=\u00bboff\u00bb include_categories=\u00bb38&#8243; meta_date=\u00bbj M Y\u00bb show_more=\u00bbon\u00bb show_author=\u00bboff\u00bb show_categories=\u00bboff\u00bb use_overlay=\u00bbon\u00bb overlay_icon_color=\u00bb#ffffff\u00bb hover_overlay_color=\u00bbrgba(0,0,0,0.52)\u00bb hover_icon=\u00bb&#xf518;||fa||900&#8243; module_class=\u00bbcu-blog\u00bb _builder_version=\u00bb4.25.2&#8243; _module_preset=\u00bbdefault\u00bb meta_font_size=\u00bb12px\u00bb read_more_font=\u00bb|700||on|||||\u00bb read_more_font_size=\u00bb13px\u00bb read_more_line_height=\u00bb3em\u00bb border_radii=\u00bboff|30px|||\u00bb border_width_all=\u00bb0px\u00bb border_radii_image=\u00bboff|30px|||\u00bb box_shadow_style=\u00bbpreset1&#8243; box_shadow_vertical=\u00bb-1px\u00bb box_shadow_blur=\u00bb13px\u00bb box_shadow_spread=\u00bb1px\u00bb box_shadow_color=\u00bbrgba(0,0,0,0.13)\u00bb global_colors_info=\u00bb{}\u00bb][\/et_pb_blog][\/et_pb_column][\/et_pb_row][\/et_pb_section]<\/p>\n","protected":false},"excerpt":{"rendered":"<p>seguridad Proteger y actualizar su sitio web es como cuidar un jard\u00edn secreto en perpetua floraci\u00f3n.WordPress es sin duda la plataforma de gesti\u00f3n de contenidos m\u00e1s utilizada, pero tambi\u00e9n una de las m\u00e1s expuestas a las vulnerabilidades. Por ello, la seguridad y las actualizaciones peri\u00f3dicas son de vital importancia hoy en d\u00eda. Como sistema de [&hellip;]<\/p>\n","protected":false},"author":1,"featured_media":0,"parent":29222,"menu_order":0,"comment_status":"closed","ping_status":"closed","template":"","meta":{"_et_pb_use_builder":"on","_et_pb_old_content":"","_et_gb_content_width":"","footnotes":""},"class_list":["post-29229","page","type-page","status-publish","hentry"],"aioseo_notices":[],"jetpack_sharing_enabled":true,"_links":{"self":[{"href":"https:\/\/expression-digitale.com\/es\/wp-json\/wp\/v2\/pages\/29229","targetHints":{"allow":["GET"]}}],"collection":[{"href":"https:\/\/expression-digitale.com\/es\/wp-json\/wp\/v2\/pages"}],"about":[{"href":"https:\/\/expression-digitale.com\/es\/wp-json\/wp\/v2\/types\/page"}],"author":[{"embeddable":true,"href":"https:\/\/expression-digitale.com\/es\/wp-json\/wp\/v2\/users\/1"}],"replies":[{"embeddable":true,"href":"https:\/\/expression-digitale.com\/es\/wp-json\/wp\/v2\/comments?post=29229"}],"version-history":[{"count":20,"href":"https:\/\/expression-digitale.com\/es\/wp-json\/wp\/v2\/pages\/29229\/revisions"}],"predecessor-version":[{"id":33941,"href":"https:\/\/expression-digitale.com\/es\/wp-json\/wp\/v2\/pages\/29229\/revisions\/33941"}],"up":[{"embeddable":true,"href":"https:\/\/expression-digitale.com\/es\/wp-json\/wp\/v2\/pages\/29222"}],"wp:attachment":[{"href":"https:\/\/expression-digitale.com\/es\/wp-json\/wp\/v2\/media?parent=29229"}],"curies":[{"name":"wp","href":"https:\/\/api.w.org\/{rel}","templated":true}]}}