{"id":29225,"date":"2023-09-27T16:48:46","date_gmt":"2023-09-27T14:48:46","guid":{"rendered":"https:\/\/digitale.the-expression.ch\/soluciones\/newsletter\/"},"modified":"2024-01-05T20:57:48","modified_gmt":"2024-01-05T19:57:48","slug":"newsletter","status":"publish","type":"page","link":"https:\/\/expression-digitale.com\/es\/soluciones\/newsletter\/","title":{"rendered":"Newsletter"},"content":{"rendered":"<p>[et_pb_section fb_built=\u00bb1&#8243; admin_label=\u00bbsection\u00bb _builder_version=\u00bb4.16&#8243; global_colors_info=\u00bb{}\u00bb][et_pb_row admin_label=\u00bbrow\u00bb _builder_version=\u00bb4.16&#8243; background_size=\u00bbinitial\u00bb background_position=\u00bbtop_left\u00bb background_repeat=\u00bbrepeat\u00bb global_colors_info=\u00bb{}\u00bb][et_pb_column type=\u00bb4_4&#8243; _builder_version=\u00bb4.16&#8243; custom_padding=\u00bb|||\u00bb global_colors_info=\u00bb{}\u00bb custom_padding__hover=\u00bb|||\u00bb][et_pb_text admin_label=\u00bbText\u00bb _builder_version=\u00bb4.22.2&#8243; background_size=\u00bbinitial\u00bb background_position=\u00bbtop_left\u00bb background_repeat=\u00bbrepeat\u00bb global_colors_info=\u00bb{}\u00bb]<\/p>\n<h1>newsletter<\/h1>\n<\/p>\n<p>[\/et_pb_text][\/et_pb_column][\/et_pb_row][et_pb_row column_structure=\u00bb1_2,1_2&#8243; module_class=\u00bbmt-50&#8243; _builder_version=\u00bb4.22.2&#8243; _module_preset=\u00bbdefault\u00bb global_colors_info=\u00bb{}\u00bb][et_pb_column type=\u00bb1_2&#8243; _builder_version=\u00bb4.22.2&#8243; _module_preset=\u00bbdefault\u00bb global_colors_info=\u00bb{}\u00bb][et_pb_text _builder_version=\u00bb4.22.2&#8243; _module_preset=\u00bbdefault\u00bb global_colors_info=\u00bb{}\u00bb]<\/p>\n<h2><span>Promocione sus servicios para llegar mejor a su p\u00fablico<\/span><\/h2>\n<p>[\/et_pb_text][\/et_pb_column][et_pb_column type=\u00bb1_2&#8243; _builder_version=\u00bb4.22.2&#8243; _module_preset=\u00bbdefault\u00bb global_colors_info=\u00bb{}\u00bb][et_pb_text _builder_version=\u00bb4.22.2&#8243; _module_preset=\u00bbdefault\u00bb global_colors_info=\u00bb{}\u00bb]<\/p>\n<p><span>Si desea dirigirse a sus clientes con mayor precisi\u00f3n, presentarles su mundo y las nuevas experiencias que ofrece, y mantenerles informados de sus pr\u00f3ximos eventos, el bolet\u00edn es la mejor manera de llegar a su p\u00fablico de forma directa y eficaz, compartiendo con ellos sus noticias e historias.<\/span><\/p>\n<p>[\/et_pb_text][et_pb_blurb title=\u00bbTecnolog\u00edas\u00bb use_icon=\u00bbon\u00bb font_icon=\u00bb&#xf111;||fa||900&#8243; icon_color=\u00bb#000000&#8243; icon_placement=\u00bbleft\u00bb image_icon_width=\u00bb12px\u00bb _builder_version=\u00bb4.22.2&#8243; _module_preset=\u00bbdefault\u00bb image_icon_custom_margin=\u00bb3px|||7px|false|false\u00bb hover_enabled=\u00bb0&#8243; locked=\u00bboff\u00bb global_colors_info=\u00bb{}\u00bb sticky_enabled=\u00bb0&#8243;]Mailchimps<br \/>\nBolet\u00edn Infomaniak<br \/>\n<span>Bolet\u00edn de extensi\u00f3n <span style=\"font-size:12px\">(wordpress)<\/span><\/span>[\/et_pb_blurb][et_pb_blurb title=\u00bbDISE\u00d1O\u00bb use_icon=\u00bbon\u00bb font_icon=\u00bb&#xf111;||fa||900&#8243; icon_color=\u00bb#000000&#8243; icon_placement=\u00bbleft\u00bb image_icon_width=\u00bb12px\u00bb _builder_version=\u00bb4.22.2&#8243; _module_preset=\u00bbdefault\u00bb image_icon_custom_margin=\u00bb3px|||7px|false|false\u00bb locked=\u00bboff\u00bb global_colors_info=\u00bb{}\u00bb]<\/p>\n<p>Dise\u00f1o y c\u00f3digo<br \/>Enviar prueba<\/p>\n<p>[\/et_pb_blurb][et_pb_blurb title=\u00bbFormulario de inscripci\u00f3n\u00bb use_icon=\u00bbon\u00bb font_icon=\u00bb&#xf111;||fa||900&#8243; icon_color=\u00bb#000000&#8243; icon_placement=\u00bbleft\u00bb image_icon_width=\u00bb12px\u00bb _builder_version=\u00bb4.22.2&#8243; _module_preset=\u00bbdefault\u00bb image_icon_custom_margin=\u00bb3px|||7px|false|false\u00bb locked=\u00bboff\u00bb global_colors_info=\u00bb{}\u00bb]<\/p>\n<p>A\u00f1adido al sitio web<\/p>\n<p>[\/et_pb_blurb][\/et_pb_column][\/et_pb_row][\/et_pb_section]<\/p>\n","protected":false},"excerpt":{"rendered":"<p>newsletter Promocione sus servicios para llegar mejor a su p\u00fablicoSi desea dirigirse a sus clientes con mayor precisi\u00f3n, presentarles su mundo y las nuevas experiencias que ofrece, y mantenerles informados de sus pr\u00f3ximos eventos, el bolet\u00edn es la mejor manera de llegar a su p\u00fablico de forma directa y eficaz, compartiendo con ellos sus noticias [&hellip;]<\/p>\n","protected":false},"author":1,"featured_media":0,"parent":29222,"menu_order":0,"comment_status":"closed","ping_status":"closed","template":"","meta":{"_et_pb_use_builder":"on","_et_pb_old_content":"","_et_gb_content_width":"","footnotes":""},"class_list":["post-29225","page","type-page","status-publish","hentry"],"aioseo_notices":[],"jetpack_sharing_enabled":true,"_links":{"self":[{"href":"https:\/\/expression-digitale.com\/es\/wp-json\/wp\/v2\/pages\/29225","targetHints":{"allow":["GET"]}}],"collection":[{"href":"https:\/\/expression-digitale.com\/es\/wp-json\/wp\/v2\/pages"}],"about":[{"href":"https:\/\/expression-digitale.com\/es\/wp-json\/wp\/v2\/types\/page"}],"author":[{"embeddable":true,"href":"https:\/\/expression-digitale.com\/es\/wp-json\/wp\/v2\/users\/1"}],"replies":[{"embeddable":true,"href":"https:\/\/expression-digitale.com\/es\/wp-json\/wp\/v2\/comments?post=29225"}],"version-history":[{"count":9,"href":"https:\/\/expression-digitale.com\/es\/wp-json\/wp\/v2\/pages\/29225\/revisions"}],"predecessor-version":[{"id":30723,"href":"https:\/\/expression-digitale.com\/es\/wp-json\/wp\/v2\/pages\/29225\/revisions\/30723"}],"up":[{"embeddable":true,"href":"https:\/\/expression-digitale.com\/es\/wp-json\/wp\/v2\/pages\/29222"}],"wp:attachment":[{"href":"https:\/\/expression-digitale.com\/es\/wp-json\/wp\/v2\/media?parent=29225"}],"curies":[{"name":"wp","href":"https:\/\/api.w.org\/{rel}","templated":true}]}}